{"id":1406,"date":"2025-03-09T20:03:27","date_gmt":"2025-03-09T20:03:27","guid":{"rendered":"https:\/\/wpit.whoots.org\/contacts\/"},"modified":"2025-07-12T07:35:53","modified_gmt":"2025-07-12T07:35:53","slug":"contacts","status":"publish","type":"page","link":"https:\/\/numbustapp.com\/tr\/contacts\/","title":{"rendered":"Ki\u015filer"},"content":{"rendered":"\n<p>Kullan\u0131c\u0131lar\u0131m\u0131z\u0131n ve gizliliklerinin korunmas\u0131na \u00f6nem veriyoruz.<br>Herhangi bir sorunuz varsa, bir sorunla kar\u015f\u0131la\u015ft\u0131ysan\u0131z (\u00f6rne\u011fin \u00f6deme veya kay\u0131tla ilgili) ya da haklar\u0131n\u0131z\u0131n ihlal edildi\u011fini d\u00fc\u015f\u00fcn\u00fcyorsan\u0131z, bizimle \u015fu adresten ileti\u015fime ge\u00e7in: <strong><a class=\"\">support@numbuster.com<\/a><\/strong><\/p>\n\n\n\n<p>Ya da a\u015fa\u011f\u0131daki formu doldurun. Size en k\u0131sa s\u00fcrede yan\u0131t verece\u011fiz ve durumu \u00e7\u00f6zmenize yard\u0131mc\u0131 olaca\u011f\u0131z.<\/p>\n\n\n\n<p><\/p>\n\n\n\n<div class=\"wpcf7 no-js\" id=\"wpcf7-f1786-o1\" lang=\"tr-TR\" dir=\"ltr\">\n<div class=\"screen-reader-response\"><p role=\"status\" aria-live=\"polite\" aria-atomic=\"true\"><\/p> <ul><\/ul><\/div>\n<form action=\"\/tr\/wp-json\/wp\/v2\/pages\/1406#wpcf7-f1786-o1\" method=\"post\" class=\"wpcf7-form init wpcf7-acceptance-as-validation\" aria-label=\"Contact form\" novalidate=\"novalidate\" data-status=\"init\">\n<div style=\"display: none;\">\n<input type=\"hidden\" name=\"_wpcf7\" value=\"1786\" \/>\n<input type=\"hidden\" name=\"_wpcf7_version\" value=\"5.9.8\" \/>\n<input type=\"hidden\" name=\"_wpcf7_locale\" value=\"tr_TR\" \/>\n<input type=\"hidden\" name=\"_wpcf7_unit_tag\" value=\"wpcf7-f1786-o1\" \/>\n<input type=\"hidden\" name=\"_wpcf7_container_post\" value=\"0\" \/>\n<input type=\"hidden\" name=\"_wpcf7_posted_data_hash\" value=\"\" \/>\n<input type=\"hidden\" name=\"_wpcf7_recaptcha_response\" value=\"\" \/>\n<\/div>\n<div class=\"support-form\">\n<div class=\"support-form__wrapper\">\n    <span class=\"wpcf7-form-control-wrap\" data-name=\"your-name\"><input size=\"40\" maxlength=\"400\" class=\"wpcf7-form-control wpcf7-text wpcf7-validates-as-required support-form__input\" autocomplete=\"name\" aria-required=\"true\" aria-invalid=\"false\" placeholder=\"Tam ad\" value=\"\" type=\"text\" name=\"your-name\" \/><\/span>\n\n    <span class=\"wpcf7-form-control-wrap\" data-name=\"your-email\"><input size=\"40\" maxlength=\"400\" class=\"wpcf7-form-control wpcf7-email wpcf7-validates-as-required wpcf7-text wpcf7-validates-as-email support-form__input\" autocomplete=\"email\" aria-required=\"true\" aria-invalid=\"false\" placeholder=\"E-posta adresi\" value=\"\" type=\"email\" name=\"your-email\" \/><\/span>\n\n    <span class=\"wpcf7-form-control-wrap\" data-name=\"your-message\"><textarea cols=\"40\" rows=\"10\" maxlength=\"2000\" class=\"wpcf7-form-control wpcf7-textarea wpcf7-validates-as-required support-form__input support-form__input_area\" aria-required=\"true\" aria-invalid=\"false\" placeholder=\"Mesaj\u0131n\u0131z\u0131 a\u015fa\u011f\u0131ya girin\" name=\"your-message\"><\/textarea><\/span>\n\n    <span class=\"wpcf7-form-control-wrap\" data-name=\"terms-agree\"><span class=\"wpcf7-form-control wpcf7-acceptance\"><span class=\"wpcf7-list-item\"><label><input type=\"checkbox\" name=\"terms-agree\" value=\"1\" class=\"support-form__agree\" aria-invalid=\"false\" \/><span class=\"wpcf7-list-item-label\"><span>Okudum ve kabul ediyorum&nbsp;<a href=\"\/tr\/tos\/\">\u015fartlar\u0131 ve ko\u015fullar\u0131<\/a>.<\/span><\/span><\/label><\/span><\/span><\/span>\n\n    <button type=\"submit\" class=\"wpcf7-form-control wpcf7-submit has-spinner support-form__submit\" >G\u00f6nder<\/button>\n    \n    <span class=\"support-form__spinner\"><\/span>\n\n<\/div>\n<\/div><div class=\"wpcf7-response-output\" aria-hidden=\"true\"><\/div>\n<\/form>\n<\/div>\n\n","protected":false},"excerpt":{"rendered":"<p>Kullan\u0131c\u0131lar\u0131m\u0131z\u0131n ve gizliliklerinin korunmas\u0131na \u00f6nem veriyoruz.Herhangi bir sorunuz varsa, bir sorunla kar\u015f\u0131la\u015ft\u0131ysan\u0131z (\u00f6rne\u011fin \u00f6deme veya kay\u0131tla ilgili) ya da haklar\u0131n\u0131z\u0131n ihlal edildi\u011fini d\u00fc\u015f\u00fcn\u00fcyorsan\u0131z, bizimle \u015fu adresten ileti\u015fime ge\u00e7in: support@numbuster.com Ya da a\u015fa\u011f\u0131daki formu doldurun. Size en k\u0131sa s\u00fcrede yan\u0131t verece\u011fiz ve durumu \u00e7\u00f6zmenize yard\u0131mc\u0131 olaca\u011f\u0131z.<\/p>\n","protected":false},"author":1,"featured_media":0,"parent":0,"menu_order":0,"comment_status":"closed","ping_status":"closed","template":"","meta":{"_acf_changed":false,"footnotes":""},"class_list":["post-1406","page","type-page","status-publish","hentry"],"acf":[],"yoast_head":"<!-- This site is optimized with the Yoast SEO plugin v23.4 - https:\/\/yoast.com\/wordpress\/plugins\/seo\/ -->\n<title>Ki\u015filer - NumBuster<\/title>\n<meta name=\"description\" content=\"\u00d6deme, kay\u0131t veya hak ihlalleriyle ilgili sorular\u0131n\u0131z i\u00e7in NumBuster destek ekibiyle ileti\u015fime ge\u00e7in. E-posta veya ileti\u015fim formu arac\u0131l\u0131\u011f\u0131yla yard\u0131m al\u0131n.\" \/>\n<meta name=\"robots\" content=\"index, follow, max-snippet:-1, max-image-preview:large, max-video-preview:-1\" \/>\n<link rel=\"canonical\" href=\"https:\/\/numbustapp.com\/tr\/contacts\/\" \/>\n<meta property=\"og:locale\" content=\"tr_TR\" \/>\n<meta property=\"og:type\" content=\"article\" \/>\n<meta property=\"og:title\" content=\"Ki\u015filer - NumBuster\" \/>\n<meta property=\"og:description\" content=\"\u00d6deme, kay\u0131t veya hak ihlalleriyle ilgili sorular\u0131n\u0131z i\u00e7in NumBuster destek ekibiyle ileti\u015fime ge\u00e7in. E-posta veya ileti\u015fim formu arac\u0131l\u0131\u011f\u0131yla yard\u0131m al\u0131n.\" \/>\n<meta property=\"og:url\" content=\"https:\/\/numbustapp.com\/tr\/contacts\/\" \/>\n<meta property=\"og:site_name\" content=\"NumBuster\" \/>\n<meta property=\"article:modified_time\" content=\"2025-07-12T07:35:53+00:00\" \/>\n<meta name=\"twitter:card\" content=\"summary_large_image\" \/>\n<meta name=\"twitter:label1\" content=\"Est. reading time\" \/>\n\t<meta name=\"twitter:data1\" content=\"1 minute\" \/>\n<script type=\"application\/ld+json\" class=\"yoast-schema-graph\">{\"@context\":\"https:\/\/schema.org\",\"@graph\":[{\"@type\":\"WebPage\",\"@id\":\"https:\/\/numbustapp.com\/tr\/contacts\/\",\"url\":\"https:\/\/numbustapp.com\/tr\/contacts\/\",\"name\":\"Ki\u015filer - NumBuster\",\"isPartOf\":{\"@id\":\"https:\/\/numbuster.com\/en\/#website\"},\"datePublished\":\"2025-03-09T20:03:27+00:00\",\"dateModified\":\"2025-07-12T07:35:53+00:00\",\"description\":\"\u00d6deme, kay\u0131t veya hak ihlalleriyle ilgili sorular\u0131n\u0131z i\u00e7in NumBuster destek ekibiyle ileti\u015fime ge\u00e7in. E-posta veya ileti\u015fim formu arac\u0131l\u0131\u011f\u0131yla yard\u0131m al\u0131n.\",\"breadcrumb\":{\"@id\":\"https:\/\/numbustapp.com\/tr\/contacts\/#breadcrumb\"},\"inLanguage\":\"tr-TR\",\"potentialAction\":[{\"@type\":\"ReadAction\",\"target\":[\"https:\/\/numbustapp.com\/tr\/contacts\/\"]}]},{\"@type\":\"BreadcrumbList\",\"@id\":\"https:\/\/numbustapp.com\/tr\/contacts\/#breadcrumb\",\"itemListElement\":[{\"@type\":\"ListItem\",\"position\":1,\"name\":\"Home\",\"item\":\"https:\/\/numbuster.pro\/tr\/\"},{\"@type\":\"ListItem\",\"position\":2,\"name\":\"Ki\u015filer\"}]},{\"@type\":\"WebSite\",\"@id\":\"https:\/\/numbuster.com\/en\/#website\",\"url\":\"https:\/\/numbuster.com\/en\/\",\"name\":\"NumBuster\",\"description\":\"\",\"potentialAction\":[{\"@type\":\"SearchAction\",\"target\":{\"@type\":\"EntryPoint\",\"urlTemplate\":\"https:\/\/numbuster.com\/en\/?s={search_term_string}\"},\"query-input\":{\"@type\":\"PropertyValueSpecification\",\"valueRequired\":true,\"valueName\":\"search_term_string\"}}],\"inLanguage\":\"tr-TR\"}]}<\/script>\n<!-- \/ Yoast SEO plugin. -->","yoast_head_json":{"title":"Ki\u015filer - NumBuster","description":"\u00d6deme, kay\u0131t veya hak ihlalleriyle ilgili sorular\u0131n\u0131z i\u00e7in NumBuster destek ekibiyle ileti\u015fime ge\u00e7in. E-posta veya ileti\u015fim formu arac\u0131l\u0131\u011f\u0131yla yard\u0131m al\u0131n.","robots":{"index":"index","follow":"follow","max-snippet":"max-snippet:-1","max-image-preview":"max-image-preview:large","max-video-preview":"max-video-preview:-1"},"canonical":"https:\/\/numbustapp.com\/tr\/contacts\/","og_locale":"tr_TR","og_type":"article","og_title":"Ki\u015filer - NumBuster","og_description":"\u00d6deme, kay\u0131t veya hak ihlalleriyle ilgili sorular\u0131n\u0131z i\u00e7in NumBuster destek ekibiyle ileti\u015fime ge\u00e7in. E-posta veya ileti\u015fim formu arac\u0131l\u0131\u011f\u0131yla yard\u0131m al\u0131n.","og_url":"https:\/\/numbustapp.com\/tr\/contacts\/","og_site_name":"NumBuster","article_modified_time":"2025-07-12T07:35:53+00:00","twitter_card":"summary_large_image","twitter_misc":{"Est. reading time":"1 minute"},"schema":{"@context":"https:\/\/schema.org","@graph":[{"@type":"WebPage","@id":"https:\/\/numbustapp.com\/tr\/contacts\/","url":"https:\/\/numbustapp.com\/tr\/contacts\/","name":"Ki\u015filer - NumBuster","isPartOf":{"@id":"https:\/\/numbuster.com\/en\/#website"},"datePublished":"2025-03-09T20:03:27+00:00","dateModified":"2025-07-12T07:35:53+00:00","description":"\u00d6deme, kay\u0131t veya hak ihlalleriyle ilgili sorular\u0131n\u0131z i\u00e7in NumBuster destek ekibiyle ileti\u015fime ge\u00e7in. E-posta veya ileti\u015fim formu arac\u0131l\u0131\u011f\u0131yla yard\u0131m al\u0131n.","breadcrumb":{"@id":"https:\/\/numbustapp.com\/tr\/contacts\/#breadcrumb"},"inLanguage":"tr-TR","potentialAction":[{"@type":"ReadAction","target":["https:\/\/numbustapp.com\/tr\/contacts\/"]}]},{"@type":"BreadcrumbList","@id":"https:\/\/numbustapp.com\/tr\/contacts\/#breadcrumb","itemListElement":[{"@type":"ListItem","position":1,"name":"Home","item":"https:\/\/numbuster.pro\/tr\/"},{"@type":"ListItem","position":2,"name":"Ki\u015filer"}]},{"@type":"WebSite","@id":"https:\/\/numbuster.com\/en\/#website","url":"https:\/\/numbuster.com\/en\/","name":"NumBuster","description":"","potentialAction":[{"@type":"SearchAction","target":{"@type":"EntryPoint","urlTemplate":"https:\/\/numbuster.com\/en\/?s={search_term_string}"},"query-input":{"@type":"PropertyValueSpecification","valueRequired":true,"valueName":"search_term_string"}}],"inLanguage":"tr-TR"}]}},"_links":{"self":[{"href":"https:\/\/numbustapp.com\/tr\/wp-json\/wp\/v2\/pages\/1406","targetHints":{"allow":["GET"]}}],"collection":[{"href":"https:\/\/numbustapp.com\/tr\/wp-json\/wp\/v2\/pages"}],"about":[{"href":"https:\/\/numbustapp.com\/tr\/wp-json\/wp\/v2\/types\/page"}],"author":[{"embeddable":true,"href":"https:\/\/numbustapp.com\/tr\/wp-json\/wp\/v2\/users\/1"}],"replies":[{"embeddable":true,"href":"https:\/\/numbustapp.com\/tr\/wp-json\/wp\/v2\/comments?post=1406"}],"version-history":[{"count":3,"href":"https:\/\/numbustapp.com\/tr\/wp-json\/wp\/v2\/pages\/1406\/revisions"}],"predecessor-version":[{"id":2188,"href":"https:\/\/numbustapp.com\/tr\/wp-json\/wp\/v2\/pages\/1406\/revisions\/2188"}],"wp:attachment":[{"href":"https:\/\/numbustapp.com\/tr\/wp-json\/wp\/v2\/media?parent=1406"}],"curies":[{"name":"wp","href":"https:\/\/api.w.org\/{rel}","templated":true}]}}