{"id":1390,"date":"2025-03-09T20:03:27","date_gmt":"2025-03-09T20:03:27","guid":{"rendered":"https:\/\/wpit.whoots.org\/contacts\/"},"modified":"2025-07-12T07:29:19","modified_gmt":"2025-07-12T07:29:19","slug":"contacts","status":"publish","type":"page","link":"https:\/\/numbustapp.com\/fr\/contacts\/","title":{"rendered":"Contacts"},"content":{"rendered":"\n<p>Nous veillons \u00e0 nos utilisateurs et \u00e0 leur vie priv\u00e9e.<br>Si vous avez des questions, rencontrez un probl\u00e8me (par exemple, avec le paiement ou l&#8217;inscription), ou si vous pensez que vos droits ont \u00e9t\u00e9 viol\u00e9s, veuillez nous contacter \u00e0 l&#8217;adresse suivante : <strong><a class=\"\">support@numbuster.com<\/a><\/strong><\/p>\n\n\n\n<p>Ou remplissez le formulaire ci-dessous. Nous vous r\u00e9pondrons rapidement et vous aiderons \u00e0 r\u00e9soudre la situation.<\/p>\n\n\n\n<p><\/p>\n\n\n\n<div class=\"wpcf7 no-js\" id=\"wpcf7-f1778-o1\" lang=\"fr-FR\" dir=\"ltr\">\n<div class=\"screen-reader-response\"><p role=\"status\" aria-live=\"polite\" aria-atomic=\"true\"><\/p> <ul><\/ul><\/div>\n<form action=\"\/fr\/wp-json\/wp\/v2\/pages\/1390#wpcf7-f1778-o1\" method=\"post\" class=\"wpcf7-form init wpcf7-acceptance-as-validation\" aria-label=\"Contact form\" novalidate=\"novalidate\" data-status=\"init\">\n<div style=\"display: none;\">\n<input type=\"hidden\" name=\"_wpcf7\" value=\"1778\" \/>\n<input type=\"hidden\" name=\"_wpcf7_version\" value=\"5.9.8\" \/>\n<input type=\"hidden\" name=\"_wpcf7_locale\" value=\"fr_FR\" \/>\n<input type=\"hidden\" name=\"_wpcf7_unit_tag\" value=\"wpcf7-f1778-o1\" \/>\n<input type=\"hidden\" name=\"_wpcf7_container_post\" value=\"0\" \/>\n<input type=\"hidden\" name=\"_wpcf7_posted_data_hash\" value=\"\" \/>\n<input type=\"hidden\" name=\"_wpcf7_recaptcha_response\" value=\"\" \/>\n<\/div>\n<div class=\"support-form\">\n<div class=\"support-form__wrapper\">\n    <span class=\"wpcf7-form-control-wrap\" data-name=\"your-name\"><input size=\"40\" maxlength=\"400\" class=\"wpcf7-form-control wpcf7-text wpcf7-validates-as-required support-form__input\" autocomplete=\"name\" aria-required=\"true\" aria-invalid=\"false\" placeholder=\"Nom complet\" value=\"\" type=\"text\" name=\"your-name\" \/><\/span>\n\n    <span class=\"wpcf7-form-control-wrap\" data-name=\"your-email\"><input size=\"40\" maxlength=\"400\" class=\"wpcf7-form-control wpcf7-email wpcf7-validates-as-required wpcf7-text wpcf7-validates-as-email support-form__input\" autocomplete=\"email\" aria-required=\"true\" aria-invalid=\"false\" placeholder=\"Adresse e-mail\" value=\"\" type=\"email\" name=\"your-email\" \/><\/span>\n\n    <span class=\"wpcf7-form-control-wrap\" data-name=\"your-message\"><textarea cols=\"40\" rows=\"10\" maxlength=\"2000\" class=\"wpcf7-form-control wpcf7-textarea wpcf7-validates-as-required support-form__input support-form__input_area\" aria-required=\"true\" aria-invalid=\"false\" placeholder=\"Entrez votre message ci-dessous\" name=\"your-message\"><\/textarea><\/span>\n\n    <span class=\"wpcf7-form-control-wrap\" data-name=\"terms-agree\"><span class=\"wpcf7-form-control wpcf7-acceptance\"><span class=\"wpcf7-list-item\"><label><input type=\"checkbox\" name=\"terms-agree\" value=\"1\" class=\"support-form__agree\" aria-invalid=\"false\" \/><span class=\"wpcf7-list-item-label\"><span>J\u2019ai lu et j\u2019accepte&nbsp;<a href=\"\/fr\/tos\/\">les conditions g\u00e9n\u00e9rales<\/a>.<\/span><\/span><\/label><\/span><\/span><\/span>\n\n    <button type=\"submit\" class=\"wpcf7-form-control wpcf7-submit has-spinner support-form__submit\" >Envoyer<\/button>\n    \n    <span class=\"support-form__spinner\"><\/span>\n\n<\/div>\n<\/div><div class=\"wpcf7-response-output\" aria-hidden=\"true\"><\/div>\n<\/form>\n<\/div>\n\n","protected":false},"excerpt":{"rendered":"<p>Nous veillons \u00e0 nos utilisateurs et \u00e0 leur vie priv\u00e9e.Si vous avez des questions, rencontrez un probl\u00e8me (par exemple, avec le paiement ou l&#8217;inscription), ou si vous pensez que vos droits ont \u00e9t\u00e9 viol\u00e9s, veuillez nous contacter \u00e0 l&#8217;adresse suivante : support@numbuster.com Ou remplissez le formulaire ci-dessous. Nous vous r\u00e9pondrons rapidement et vous aiderons \u00e0 [&hellip;]<\/p>\n","protected":false},"author":1,"featured_media":0,"parent":0,"menu_order":0,"comment_status":"closed","ping_status":"closed","template":"","meta":{"_acf_changed":false,"footnotes":""},"class_list":["post-1390","page","type-page","status-publish","hentry"],"acf":[],"yoast_head":"<!-- This site is optimized with the Yoast SEO plugin v23.4 - https:\/\/yoast.com\/wordpress\/plugins\/seo\/ -->\n<title>Contacts - NumBuster<\/title>\n<meta name=\"description\" content=\"Contactez le support NumBuster pour toute question concernant les paiements, l\u2019inscription ou les violations de droits. Obtenez de l\u2019aide par e-mail ou via le formulaire de contact.\" \/>\n<meta name=\"robots\" content=\"index, follow, max-snippet:-1, max-image-preview:large, max-video-preview:-1\" \/>\n<link rel=\"canonical\" href=\"https:\/\/numbustapp.com\/fr\/contacts\/\" \/>\n<meta property=\"og:locale\" content=\"fr_FR\" \/>\n<meta property=\"og:type\" content=\"article\" \/>\n<meta property=\"og:title\" content=\"Contacts - NumBuster\" \/>\n<meta property=\"og:description\" content=\"Contactez le support NumBuster pour toute question concernant les paiements, l\u2019inscription ou les violations de droits. Obtenez de l\u2019aide par e-mail ou via le formulaire de contact.\" \/>\n<meta property=\"og:url\" content=\"https:\/\/numbustapp.com\/fr\/contacts\/\" \/>\n<meta property=\"og:site_name\" content=\"NumBuster\" \/>\n<meta property=\"article:modified_time\" content=\"2025-07-12T07:29:19+00:00\" \/>\n<meta name=\"twitter:card\" content=\"summary_large_image\" \/>\n<meta name=\"twitter:label1\" content=\"Est. reading time\" \/>\n\t<meta name=\"twitter:data1\" content=\"1 minute\" \/>\n<script type=\"application\/ld+json\" class=\"yoast-schema-graph\">{\"@context\":\"https:\/\/schema.org\",\"@graph\":[{\"@type\":\"WebPage\",\"@id\":\"https:\/\/numbustapp.com\/fr\/contacts\/\",\"url\":\"https:\/\/numbustapp.com\/fr\/contacts\/\",\"name\":\"Contacts - NumBuster\",\"isPartOf\":{\"@id\":\"https:\/\/numbuster.com\/en\/#website\"},\"datePublished\":\"2025-03-09T20:03:27+00:00\",\"dateModified\":\"2025-07-12T07:29:19+00:00\",\"description\":\"Contactez le support NumBuster pour toute question concernant les paiements, l\u2019inscription ou les violations de droits. Obtenez de l\u2019aide par e-mail ou via le formulaire de contact.\",\"breadcrumb\":{\"@id\":\"https:\/\/numbustapp.com\/fr\/contacts\/#breadcrumb\"},\"inLanguage\":\"fr-FR\",\"potentialAction\":[{\"@type\":\"ReadAction\",\"target\":[\"https:\/\/numbustapp.com\/fr\/contacts\/\"]}]},{\"@type\":\"BreadcrumbList\",\"@id\":\"https:\/\/numbustapp.com\/fr\/contacts\/#breadcrumb\",\"itemListElement\":[{\"@type\":\"ListItem\",\"position\":1,\"name\":\"Home\",\"item\":\"https:\/\/numbuster.com\/fr\/\"},{\"@type\":\"ListItem\",\"position\":2,\"name\":\"Contacts\"}]},{\"@type\":\"WebSite\",\"@id\":\"https:\/\/numbuster.com\/en\/#website\",\"url\":\"https:\/\/numbuster.com\/en\/\",\"name\":\"NumBuster\",\"description\":\"\",\"potentialAction\":[{\"@type\":\"SearchAction\",\"target\":{\"@type\":\"EntryPoint\",\"urlTemplate\":\"https:\/\/numbuster.com\/en\/?s={search_term_string}\"},\"query-input\":{\"@type\":\"PropertyValueSpecification\",\"valueRequired\":true,\"valueName\":\"search_term_string\"}}],\"inLanguage\":\"fr-FR\"}]}<\/script>\n<!-- \/ Yoast SEO plugin. -->","yoast_head_json":{"title":"Contacts - NumBuster","description":"Contactez le support NumBuster pour toute question concernant les paiements, l\u2019inscription ou les violations de droits. Obtenez de l\u2019aide par e-mail ou via le formulaire de contact.","robots":{"index":"index","follow":"follow","max-snippet":"max-snippet:-1","max-image-preview":"max-image-preview:large","max-video-preview":"max-video-preview:-1"},"canonical":"https:\/\/numbustapp.com\/fr\/contacts\/","og_locale":"fr_FR","og_type":"article","og_title":"Contacts - NumBuster","og_description":"Contactez le support NumBuster pour toute question concernant les paiements, l\u2019inscription ou les violations de droits. Obtenez de l\u2019aide par e-mail ou via le formulaire de contact.","og_url":"https:\/\/numbustapp.com\/fr\/contacts\/","og_site_name":"NumBuster","article_modified_time":"2025-07-12T07:29:19+00:00","twitter_card":"summary_large_image","twitter_misc":{"Est. reading time":"1 minute"},"schema":{"@context":"https:\/\/schema.org","@graph":[{"@type":"WebPage","@id":"https:\/\/numbustapp.com\/fr\/contacts\/","url":"https:\/\/numbustapp.com\/fr\/contacts\/","name":"Contacts - NumBuster","isPartOf":{"@id":"https:\/\/numbuster.com\/en\/#website"},"datePublished":"2025-03-09T20:03:27+00:00","dateModified":"2025-07-12T07:29:19+00:00","description":"Contactez le support NumBuster pour toute question concernant les paiements, l\u2019inscription ou les violations de droits. Obtenez de l\u2019aide par e-mail ou via le formulaire de contact.","breadcrumb":{"@id":"https:\/\/numbustapp.com\/fr\/contacts\/#breadcrumb"},"inLanguage":"fr-FR","potentialAction":[{"@type":"ReadAction","target":["https:\/\/numbustapp.com\/fr\/contacts\/"]}]},{"@type":"BreadcrumbList","@id":"https:\/\/numbustapp.com\/fr\/contacts\/#breadcrumb","itemListElement":[{"@type":"ListItem","position":1,"name":"Home","item":"https:\/\/numbuster.com\/fr\/"},{"@type":"ListItem","position":2,"name":"Contacts"}]},{"@type":"WebSite","@id":"https:\/\/numbuster.com\/en\/#website","url":"https:\/\/numbuster.com\/en\/","name":"NumBuster","description":"","potentialAction":[{"@type":"SearchAction","target":{"@type":"EntryPoint","urlTemplate":"https:\/\/numbuster.com\/en\/?s={search_term_string}"},"query-input":{"@type":"PropertyValueSpecification","valueRequired":true,"valueName":"search_term_string"}}],"inLanguage":"fr-FR"}]}},"_links":{"self":[{"href":"https:\/\/numbustapp.com\/fr\/wp-json\/wp\/v2\/pages\/1390","targetHints":{"allow":["GET"]}}],"collection":[{"href":"https:\/\/numbustapp.com\/fr\/wp-json\/wp\/v2\/pages"}],"about":[{"href":"https:\/\/numbustapp.com\/fr\/wp-json\/wp\/v2\/types\/page"}],"author":[{"embeddable":true,"href":"https:\/\/numbustapp.com\/fr\/wp-json\/wp\/v2\/users\/1"}],"replies":[{"embeddable":true,"href":"https:\/\/numbustapp.com\/fr\/wp-json\/wp\/v2\/comments?post=1390"}],"version-history":[{"count":2,"href":"https:\/\/numbustapp.com\/fr\/wp-json\/wp\/v2\/pages\/1390\/revisions"}],"predecessor-version":[{"id":2175,"href":"https:\/\/numbustapp.com\/fr\/wp-json\/wp\/v2\/pages\/1390\/revisions\/2175"}],"wp:attachment":[{"href":"https:\/\/numbustapp.com\/fr\/wp-json\/wp\/v2\/media?parent=1390"}],"curies":[{"name":"wp","href":"https:\/\/api.w.org\/{rel}","templated":true}]}}