{"id":1352,"date":"2025-03-09T19:49:22","date_gmt":"2025-03-09T19:49:22","guid":{"rendered":"https:\/\/wpit.whoots.org\/about\/"},"modified":"2025-07-28T13:35:01","modified_gmt":"2025-07-28T13:35:01","slug":"about","status":"publish","type":"page","link":"https:\/\/numbustapp.com\/fr\/about\/","title":{"rendered":"\u00c0 propos"},"content":{"rendered":"\n<p>Depuis 2014, notre entreprise s\u2019engage \u00e0 garantir la s\u00e9curit\u00e9 et le confort dans les communications mobiles. L\u2019application mobile gratuite <strong>NumBuster<\/strong> est con\u00e7ue pour offrir une protection continue et fiable contre les appels frauduleux et les spams.<\/p>\n\n\n\n<p>L\u2019objectif principal de <strong>NumBuster<\/strong> est de prot\u00e9ger les utilisateurs contre les contacts ind\u00e9sirables ou potentiellement dangereux. L\u2019application identifie automatiquement les num\u00e9ros inconnus et affiche des informations sur l\u2019appelant, m\u00eame si son num\u00e9ro n\u2019est pas enregistr\u00e9 dans vos contacts. Si un num\u00e9ro est signal\u00e9 comme spam ou fraude, un avertissement appropri\u00e9 s\u2019affiche.<\/p>\n\n\n\n<p>Consciente de l\u2019importance de la vie priv\u00e9e, <strong>NumBuster<\/strong> permet de bloquer les appels et les messages, afin de garantir votre tranquillit\u00e9 d\u2019esprit. Les utilisateurs peuvent \u00e9galement laisser des avis et attribuer des notes aux num\u00e9ros, afin de s\u2019aider mutuellement \u00e0 \u00e9viter les menaces potentielles.<\/p>\n\n\n\n<p>Notre \u00e9quipe am\u00e9liore constamment l\u2019application en tenant compte des retours et des besoins des utilisateurs pour offrir une protection maximale et une utilisation toujours plus fluide. Des millions de personnes dans le monde utilisent l\u2019application gratuite <strong>NumBuster<\/strong>.<\/p>\n","protected":false},"excerpt":{"rendered":"<p>Depuis 2014, notre entreprise s\u2019engage \u00e0 garantir la s\u00e9curit\u00e9 et le confort dans les communications mobiles. L\u2019application mobile gratuite NumBuster est con\u00e7ue pour offrir une protection continue et fiable contre les appels frauduleux et les spams. L\u2019objectif principal de NumBuster est de prot\u00e9ger les utilisateurs contre les contacts ind\u00e9sirables ou potentiellement dangereux. L\u2019application identifie automatiquement [&hellip;]<\/p>\n","protected":false},"author":1,"featured_media":0,"parent":0,"menu_order":0,"comment_status":"closed","ping_status":"closed","template":"","meta":{"_acf_changed":false,"footnotes":""},"class_list":["post-1352","page","type-page","status-publish","hentry"],"acf":[],"yoast_head":"<!-- This site is optimized with the Yoast SEO plugin v23.4 - https:\/\/yoast.com\/wordpress\/plugins\/seo\/ -->\n<title>\u00c0 propos - NumBuster<\/title>\n<meta name=\"description\" content=\"NumBuster prot\u00e8ge contre les appels spam et les arnaques. Identifiez les num\u00e9ros inconnus, bloquez-les et consultez les avis\" \/>\n<meta name=\"robots\" content=\"index, follow, max-snippet:-1, max-image-preview:large, max-video-preview:-1\" \/>\n<link rel=\"canonical\" href=\"https:\/\/numbustapp.com\/fr\/about\/\" \/>\n<meta property=\"og:locale\" content=\"fr_FR\" \/>\n<meta property=\"og:type\" content=\"article\" \/>\n<meta property=\"og:title\" content=\"\u00c0 propos - NumBuster\" \/>\n<meta property=\"og:description\" content=\"NumBuster prot\u00e8ge contre les appels spam et les arnaques. Identifiez les num\u00e9ros inconnus, bloquez-les et consultez les avis\" \/>\n<meta property=\"og:url\" content=\"https:\/\/numbustapp.com\/fr\/about\/\" \/>\n<meta property=\"og:site_name\" content=\"NumBuster\" \/>\n<meta property=\"article:modified_time\" content=\"2025-07-28T13:35:01+00:00\" \/>\n<meta name=\"twitter:card\" content=\"summary_large_image\" \/>\n<meta name=\"twitter:label1\" content=\"Est. reading time\" \/>\n\t<meta name=\"twitter:data1\" content=\"1 minute\" \/>\n<script type=\"application\/ld+json\" class=\"yoast-schema-graph\">{\"@context\":\"https:\/\/schema.org\",\"@graph\":[{\"@type\":\"WebPage\",\"@id\":\"https:\/\/numbustapp.com\/fr\/about\/\",\"url\":\"https:\/\/numbustapp.com\/fr\/about\/\",\"name\":\"\u00c0 propos - NumBuster\",\"isPartOf\":{\"@id\":\"https:\/\/numbuster.com\/en\/#website\"},\"datePublished\":\"2025-03-09T19:49:22+00:00\",\"dateModified\":\"2025-07-28T13:35:01+00:00\",\"description\":\"NumBuster prot\u00e8ge contre les appels spam et les arnaques. Identifiez les num\u00e9ros inconnus, bloquez-les et consultez les avis\",\"breadcrumb\":{\"@id\":\"https:\/\/numbustapp.com\/fr\/about\/#breadcrumb\"},\"inLanguage\":\"fr-FR\",\"potentialAction\":[{\"@type\":\"ReadAction\",\"target\":[\"https:\/\/numbustapp.com\/fr\/about\/\"]}]},{\"@type\":\"BreadcrumbList\",\"@id\":\"https:\/\/numbustapp.com\/fr\/about\/#breadcrumb\",\"itemListElement\":[{\"@type\":\"ListItem\",\"position\":1,\"name\":\"Home\",\"item\":\"https:\/\/numbuster.com\/fr\/\"},{\"@type\":\"ListItem\",\"position\":2,\"name\":\"\u00c0 propos\"}]},{\"@type\":\"WebSite\",\"@id\":\"https:\/\/numbuster.com\/en\/#website\",\"url\":\"https:\/\/numbuster.com\/en\/\",\"name\":\"NumBuster\",\"description\":\"\",\"potentialAction\":[{\"@type\":\"SearchAction\",\"target\":{\"@type\":\"EntryPoint\",\"urlTemplate\":\"https:\/\/numbuster.com\/en\/?s={search_term_string}\"},\"query-input\":{\"@type\":\"PropertyValueSpecification\",\"valueRequired\":true,\"valueName\":\"search_term_string\"}}],\"inLanguage\":\"fr-FR\"}]}<\/script>\n<!-- \/ Yoast SEO plugin. -->","yoast_head_json":{"title":"\u00c0 propos - NumBuster","description":"NumBuster prot\u00e8ge contre les appels spam et les arnaques. Identifiez les num\u00e9ros inconnus, bloquez-les et consultez les avis","robots":{"index":"index","follow":"follow","max-snippet":"max-snippet:-1","max-image-preview":"max-image-preview:large","max-video-preview":"max-video-preview:-1"},"canonical":"https:\/\/numbustapp.com\/fr\/about\/","og_locale":"fr_FR","og_type":"article","og_title":"\u00c0 propos - NumBuster","og_description":"NumBuster prot\u00e8ge contre les appels spam et les arnaques. Identifiez les num\u00e9ros inconnus, bloquez-les et consultez les avis","og_url":"https:\/\/numbustapp.com\/fr\/about\/","og_site_name":"NumBuster","article_modified_time":"2025-07-28T13:35:01+00:00","twitter_card":"summary_large_image","twitter_misc":{"Est. reading time":"1 minute"},"schema":{"@context":"https:\/\/schema.org","@graph":[{"@type":"WebPage","@id":"https:\/\/numbustapp.com\/fr\/about\/","url":"https:\/\/numbustapp.com\/fr\/about\/","name":"\u00c0 propos - NumBuster","isPartOf":{"@id":"https:\/\/numbuster.com\/en\/#website"},"datePublished":"2025-03-09T19:49:22+00:00","dateModified":"2025-07-28T13:35:01+00:00","description":"NumBuster prot\u00e8ge contre les appels spam et les arnaques. Identifiez les num\u00e9ros inconnus, bloquez-les et consultez les avis","breadcrumb":{"@id":"https:\/\/numbustapp.com\/fr\/about\/#breadcrumb"},"inLanguage":"fr-FR","potentialAction":[{"@type":"ReadAction","target":["https:\/\/numbustapp.com\/fr\/about\/"]}]},{"@type":"BreadcrumbList","@id":"https:\/\/numbustapp.com\/fr\/about\/#breadcrumb","itemListElement":[{"@type":"ListItem","position":1,"name":"Home","item":"https:\/\/numbuster.com\/fr\/"},{"@type":"ListItem","position":2,"name":"\u00c0 propos"}]},{"@type":"WebSite","@id":"https:\/\/numbuster.com\/en\/#website","url":"https:\/\/numbuster.com\/en\/","name":"NumBuster","description":"","potentialAction":[{"@type":"SearchAction","target":{"@type":"EntryPoint","urlTemplate":"https:\/\/numbuster.com\/en\/?s={search_term_string}"},"query-input":{"@type":"PropertyValueSpecification","valueRequired":true,"valueName":"search_term_string"}}],"inLanguage":"fr-FR"}]}},"_links":{"self":[{"href":"https:\/\/numbustapp.com\/fr\/wp-json\/wp\/v2\/pages\/1352","targetHints":{"allow":["GET"]}}],"collection":[{"href":"https:\/\/numbustapp.com\/fr\/wp-json\/wp\/v2\/pages"}],"about":[{"href":"https:\/\/numbustapp.com\/fr\/wp-json\/wp\/v2\/types\/page"}],"author":[{"embeddable":true,"href":"https:\/\/numbustapp.com\/fr\/wp-json\/wp\/v2\/users\/1"}],"replies":[{"embeddable":true,"href":"https:\/\/numbustapp.com\/fr\/wp-json\/wp\/v2\/comments?post=1352"}],"version-history":[{"count":3,"href":"https:\/\/numbustapp.com\/fr\/wp-json\/wp\/v2\/pages\/1352\/revisions"}],"predecessor-version":[{"id":2091,"href":"https:\/\/numbustapp.com\/fr\/wp-json\/wp\/v2\/pages\/1352\/revisions\/2091"}],"wp:attachment":[{"href":"https:\/\/numbustapp.com\/fr\/wp-json\/wp\/v2\/media?parent=1352"}],"curies":[{"name":"wp","href":"https:\/\/api.w.org\/{rel}","templated":true}]}}