{"id":1350,"date":"2025-03-09T19:49:22","date_gmt":"2025-03-09T19:49:22","guid":{"rendered":"https:\/\/wpit.whoots.org\/about\/"},"modified":"2025-07-28T13:34:50","modified_gmt":"2025-07-28T13:34:50","slug":"about","status":"publish","type":"page","link":"https:\/\/numbustapp.com\/cs\/about\/","title":{"rendered":"O n\u00e1s"},"content":{"rendered":"\n<p>\u200bNa\u0161e spole\u010dnost se od roku 2014 sna\u017e\u00ed zajistit bezpe\u010dnost a pohodl\u00ed v oblasti mobiln\u00ed komunikace. Bezplatn\u00e1 mobiln\u00ed aplikace <strong>NumBuster<\/strong> byla vytvo\u0159ena pro trvalou a spolehlivou ochranu u\u017eivatel\u016f p\u0159ed telefonn\u00edmi podvody a spamem.<\/p>\n\n\n\n<p>Hlavn\u00edm c\u00edlem <strong>NumBuster<\/strong> je ochr\u00e1nit u\u017eivatele p\u0159ed necht\u011bn\u00fdmi a potenci\u00e1ln\u011b nebezpe\u010dn\u00fdmi kontakty. Aplikace automaticky identifikuje nezn\u00e1m\u00e1 \u010d\u00edsla a zobraz\u00ed informace o volaj\u00edc\u00edm, i kdy\u017e \u010d\u00edslo nen\u00ed ulo\u017eeno ve va\u0161em adres\u00e1\u0159i. Pokud je \u010d\u00edslo ozna\u010deno jako spam nebo podvodn\u00e9, zobraz\u00ed se p\u0159\u00edslu\u0161n\u00e9 varov\u00e1n\u00ed.<\/p>\n\n\n\n<p>Ch\u00e1peme, jak je d\u016fle\u017eit\u00e1 ochrana soukrom\u00ed, a proto <strong>NumBuster<\/strong> umo\u017e\u0148uje blokovat hovory i zpr\u00e1vy, co\u017e u\u017eivateli p\u0159in\u00e1\u0161\u00ed klid a pocit bezpe\u010d\u00ed. Krom\u011b toho mohou u\u017eivatel\u00e9 p\u0159id\u00e1vat hodnocen\u00ed a koment\u00e1\u0159e k telefonn\u00edm \u010d\u00edsl\u016fm, aby si vz\u00e1jemn\u011b pom\u00e1hali vyhnout se mo\u017en\u00fdm hrozb\u00e1m.<\/p>\n\n\n\n<p>N\u00e1\u0161 t\u00fdm aplikaci neust\u00e1le vylep\u0161uje na z\u00e1klad\u011b zp\u011btn\u00e9 vazby a pot\u0159eb u\u017eivatel\u016f, aby byla co nejbezpe\u010dn\u011bj\u0161\u00ed a nejpohodln\u011bj\u0161\u00ed. Miliony lid\u00ed po cel\u00e9m sv\u011bt\u011b vyu\u017e\u00edvaj\u00ed bezplatnou aplikaci <strong>NumBuster<\/strong>.<\/p>\n","protected":false},"excerpt":{"rendered":"<p>\u200bNa\u0161e spole\u010dnost se od roku 2014 sna\u017e\u00ed zajistit bezpe\u010dnost a pohodl\u00ed v oblasti mobiln\u00ed komunikace. Bezplatn\u00e1 mobiln\u00ed aplikace NumBuster byla vytvo\u0159ena pro trvalou a spolehlivou ochranu u\u017eivatel\u016f p\u0159ed telefonn\u00edmi podvody a spamem. Hlavn\u00edm c\u00edlem NumBuster je ochr\u00e1nit u\u017eivatele p\u0159ed necht\u011bn\u00fdmi a potenci\u00e1ln\u011b nebezpe\u010dn\u00fdmi kontakty. Aplikace automaticky identifikuje nezn\u00e1m\u00e1 \u010d\u00edsla a zobraz\u00ed informace o volaj\u00edc\u00edm, i [&hellip;]<\/p>\n","protected":false},"author":1,"featured_media":0,"parent":0,"menu_order":0,"comment_status":"closed","ping_status":"closed","template":"","meta":{"_acf_changed":false,"footnotes":""},"class_list":["post-1350","page","type-page","status-publish","hentry"],"acf":[],"yoast_head":"<!-- This site is optimized with the Yoast SEO plugin v23.4 - https:\/\/yoast.com\/wordpress\/plugins\/seo\/ -->\n<title>O n\u00e1s - NumBuster<\/title>\n<meta name=\"description\" content=\"NumBuster chr\u00e1n\u00ed p\u0159ed spamem a podvodn\u00fdmi hovory. Rozpozn\u00e1 nezn\u00e1m\u00e1 \u010d\u00edsla, blokuje hovory a zobrazuje recenze\" \/>\n<meta name=\"robots\" content=\"index, follow, max-snippet:-1, max-image-preview:large, max-video-preview:-1\" \/>\n<link rel=\"canonical\" href=\"https:\/\/numbustapp.com\/cs\/about\/\" \/>\n<meta property=\"og:locale\" content=\"cs_CZ\" \/>\n<meta property=\"og:type\" content=\"article\" \/>\n<meta property=\"og:title\" content=\"O n\u00e1s - NumBuster\" \/>\n<meta property=\"og:description\" content=\"NumBuster chr\u00e1n\u00ed p\u0159ed spamem a podvodn\u00fdmi hovory. Rozpozn\u00e1 nezn\u00e1m\u00e1 \u010d\u00edsla, blokuje hovory a zobrazuje recenze\" \/>\n<meta property=\"og:url\" content=\"https:\/\/numbustapp.com\/cs\/about\/\" \/>\n<meta property=\"og:site_name\" content=\"NumBuster\" \/>\n<meta property=\"article:modified_time\" content=\"2025-07-28T13:34:50+00:00\" \/>\n<meta name=\"twitter:card\" content=\"summary_large_image\" \/>\n<meta name=\"twitter:label1\" content=\"Est. reading time\" \/>\n\t<meta name=\"twitter:data1\" content=\"1 minute\" \/>\n<script type=\"application\/ld+json\" class=\"yoast-schema-graph\">{\"@context\":\"https:\/\/schema.org\",\"@graph\":[{\"@type\":\"WebPage\",\"@id\":\"https:\/\/numbustapp.com\/cs\/about\/\",\"url\":\"https:\/\/numbustapp.com\/cs\/about\/\",\"name\":\"O n\u00e1s - NumBuster\",\"isPartOf\":{\"@id\":\"https:\/\/numbuster.com\/en\/#website\"},\"datePublished\":\"2025-03-09T19:49:22+00:00\",\"dateModified\":\"2025-07-28T13:34:50+00:00\",\"description\":\"NumBuster chr\u00e1n\u00ed p\u0159ed spamem a podvodn\u00fdmi hovory. Rozpozn\u00e1 nezn\u00e1m\u00e1 \u010d\u00edsla, blokuje hovory a zobrazuje recenze\",\"breadcrumb\":{\"@id\":\"https:\/\/numbustapp.com\/cs\/about\/#breadcrumb\"},\"inLanguage\":\"cs-CZ\",\"potentialAction\":[{\"@type\":\"ReadAction\",\"target\":[\"https:\/\/numbustapp.com\/cs\/about\/\"]}]},{\"@type\":\"BreadcrumbList\",\"@id\":\"https:\/\/numbustapp.com\/cs\/about\/#breadcrumb\",\"itemListElement\":[{\"@type\":\"ListItem\",\"position\":1,\"name\":\"Home\",\"item\":\"https:\/\/numbustapp.com\/cs\/\"},{\"@type\":\"ListItem\",\"position\":2,\"name\":\"O n\u00e1s\"}]},{\"@type\":\"WebSite\",\"@id\":\"https:\/\/numbuster.com\/en\/#website\",\"url\":\"https:\/\/numbuster.com\/en\/\",\"name\":\"NumBuster\",\"description\":\"\",\"potentialAction\":[{\"@type\":\"SearchAction\",\"target\":{\"@type\":\"EntryPoint\",\"urlTemplate\":\"https:\/\/numbuster.com\/en\/?s={search_term_string}\"},\"query-input\":{\"@type\":\"PropertyValueSpecification\",\"valueRequired\":true,\"valueName\":\"search_term_string\"}}],\"inLanguage\":\"cs-CZ\"}]}<\/script>\n<!-- \/ Yoast SEO plugin. -->","yoast_head_json":{"title":"O n\u00e1s - NumBuster","description":"NumBuster chr\u00e1n\u00ed p\u0159ed spamem a podvodn\u00fdmi hovory. Rozpozn\u00e1 nezn\u00e1m\u00e1 \u010d\u00edsla, blokuje hovory a zobrazuje recenze","robots":{"index":"index","follow":"follow","max-snippet":"max-snippet:-1","max-image-preview":"max-image-preview:large","max-video-preview":"max-video-preview:-1"},"canonical":"https:\/\/numbustapp.com\/cs\/about\/","og_locale":"cs_CZ","og_type":"article","og_title":"O n\u00e1s - NumBuster","og_description":"NumBuster chr\u00e1n\u00ed p\u0159ed spamem a podvodn\u00fdmi hovory. Rozpozn\u00e1 nezn\u00e1m\u00e1 \u010d\u00edsla, blokuje hovory a zobrazuje recenze","og_url":"https:\/\/numbustapp.com\/cs\/about\/","og_site_name":"NumBuster","article_modified_time":"2025-07-28T13:34:50+00:00","twitter_card":"summary_large_image","twitter_misc":{"Est. reading time":"1 minute"},"schema":{"@context":"https:\/\/schema.org","@graph":[{"@type":"WebPage","@id":"https:\/\/numbustapp.com\/cs\/about\/","url":"https:\/\/numbustapp.com\/cs\/about\/","name":"O n\u00e1s - NumBuster","isPartOf":{"@id":"https:\/\/numbuster.com\/en\/#website"},"datePublished":"2025-03-09T19:49:22+00:00","dateModified":"2025-07-28T13:34:50+00:00","description":"NumBuster chr\u00e1n\u00ed p\u0159ed spamem a podvodn\u00fdmi hovory. Rozpozn\u00e1 nezn\u00e1m\u00e1 \u010d\u00edsla, blokuje hovory a zobrazuje recenze","breadcrumb":{"@id":"https:\/\/numbustapp.com\/cs\/about\/#breadcrumb"},"inLanguage":"cs-CZ","potentialAction":[{"@type":"ReadAction","target":["https:\/\/numbustapp.com\/cs\/about\/"]}]},{"@type":"BreadcrumbList","@id":"https:\/\/numbustapp.com\/cs\/about\/#breadcrumb","itemListElement":[{"@type":"ListItem","position":1,"name":"Home","item":"https:\/\/numbustapp.com\/cs\/"},{"@type":"ListItem","position":2,"name":"O n\u00e1s"}]},{"@type":"WebSite","@id":"https:\/\/numbuster.com\/en\/#website","url":"https:\/\/numbuster.com\/en\/","name":"NumBuster","description":"","potentialAction":[{"@type":"SearchAction","target":{"@type":"EntryPoint","urlTemplate":"https:\/\/numbuster.com\/en\/?s={search_term_string}"},"query-input":{"@type":"PropertyValueSpecification","valueRequired":true,"valueName":"search_term_string"}}],"inLanguage":"cs-CZ"}]}},"_links":{"self":[{"href":"https:\/\/numbustapp.com\/cs\/wp-json\/wp\/v2\/pages\/1350","targetHints":{"allow":["GET"]}}],"collection":[{"href":"https:\/\/numbustapp.com\/cs\/wp-json\/wp\/v2\/pages"}],"about":[{"href":"https:\/\/numbustapp.com\/cs\/wp-json\/wp\/v2\/types\/page"}],"author":[{"embeddable":true,"href":"https:\/\/numbustapp.com\/cs\/wp-json\/wp\/v2\/users\/1"}],"replies":[{"embeddable":true,"href":"https:\/\/numbustapp.com\/cs\/wp-json\/wp\/v2\/comments?post=1350"}],"version-history":[{"count":3,"href":"https:\/\/numbustapp.com\/cs\/wp-json\/wp\/v2\/pages\/1350\/revisions"}],"predecessor-version":[{"id":2090,"href":"https:\/\/numbustapp.com\/cs\/wp-json\/wp\/v2\/pages\/1350\/revisions\/2090"}],"wp:attachment":[{"href":"https:\/\/numbustapp.com\/cs\/wp-json\/wp\/v2\/media?parent=1350"}],"curies":[{"name":"wp","href":"https:\/\/api.w.org\/{rel}","templated":true}]}}