{"id":1384,"date":"2025-03-09T20:03:27","date_gmt":"2025-03-09T20:03:27","guid":{"rendered":"https:\/\/wpit.whoots.org\/contacts\/"},"modified":"2025-07-12T07:28:17","modified_gmt":"2025-07-12T07:28:17","slug":"contacts","status":"publish","type":"page","link":"https:\/\/numbustapp.com\/az\/contacts\/","title":{"rendered":"\u018flaq\u0259"},"content":{"rendered":"\n<p>\u0130stifad\u0259\u00e7il\u0259rimizin v\u0259 onlar\u0131n m\u0259xfiliyinin qay\u011f\u0131s\u0131na qal\u0131r\u0131q.\u200b<\/p>\n\n\n\n<p>\u018fg\u0259r suallar\u0131n\u0131z varsa, \u00f6d\u0259ni\u015f v\u0259 ya qeydiyyatla ba\u011fl\u0131 probleml\u0259rl\u0259 qar\u015f\u0131la\u015f\u0131rs\u0131n\u0131zsa v\u0259 ya h\u00fcquqlar\u0131n\u0131z\u0131n pozuldu\u011funu d\u00fc\u015f\u00fcn\u00fcrs\u00fcn\u00fczs\u0259, z\u0259hm\u0259t olmasa biziml\u0259 <strong><a class=\"\">support@numbuster.com<\/a><\/strong> elektron po\u00e7t \u00fcnvan\u0131 vasit\u0259sil\u0259 \u0259laq\u0259 saxlay\u0131n.\u200b<\/p>\n\n\n\n<p>V\u0259 ya a\u015fa\u011f\u0131dak\u0131 forman\u0131 doldurun. Sizinl\u0259 tez bir zamanda \u0259laq\u0259 saxlayacaq v\u0259 v\u0259ziyy\u0259ti h\u0259ll etm\u0259y\u0259 k\u00f6m\u0259k ed\u0259c\u0259yik.\u200b<\/p>\n\n\n\n<p><\/p>\n\n\n\n<div class=\"wpcf7 no-js\" id=\"wpcf7-f1775-o1\" lang=\"az\" dir=\"ltr\">\n<div class=\"screen-reader-response\"><p role=\"status\" aria-live=\"polite\" aria-atomic=\"true\"><\/p> <ul><\/ul><\/div>\n<form action=\"\/az\/wp-json\/wp\/v2\/pages\/1384#wpcf7-f1775-o1\" method=\"post\" class=\"wpcf7-form init wpcf7-acceptance-as-validation\" aria-label=\"Contact form\" novalidate=\"novalidate\" data-status=\"init\">\n<div style=\"display: none;\">\n<input type=\"hidden\" name=\"_wpcf7\" value=\"1775\" \/>\n<input type=\"hidden\" name=\"_wpcf7_version\" value=\"5.9.8\" \/>\n<input type=\"hidden\" name=\"_wpcf7_locale\" value=\"az\" \/>\n<input type=\"hidden\" name=\"_wpcf7_unit_tag\" value=\"wpcf7-f1775-o1\" \/>\n<input type=\"hidden\" name=\"_wpcf7_container_post\" value=\"0\" \/>\n<input type=\"hidden\" name=\"_wpcf7_posted_data_hash\" value=\"\" \/>\n<input type=\"hidden\" name=\"_wpcf7_recaptcha_response\" value=\"\" \/>\n<\/div>\n<div class=\"support-form\">\n<div class=\"support-form__wrapper\">\n    <span class=\"wpcf7-form-control-wrap\" data-name=\"your-name\"><input size=\"40\" maxlength=\"400\" class=\"wpcf7-form-control wpcf7-text wpcf7-validates-as-required support-form__input\" autocomplete=\"name\" aria-required=\"true\" aria-invalid=\"false\" placeholder=\"Tam ad\" value=\"\" type=\"text\" name=\"your-name\" \/><\/span>\n\n    <span class=\"wpcf7-form-control-wrap\" data-name=\"your-email\"><input size=\"40\" maxlength=\"400\" class=\"wpcf7-form-control wpcf7-email wpcf7-validates-as-required wpcf7-text wpcf7-validates-as-email support-form__input\" autocomplete=\"email\" aria-required=\"true\" aria-invalid=\"false\" placeholder=\"E-po\u00e7t \u00fcnvan\u0131\" value=\"\" type=\"email\" name=\"your-email\" \/><\/span>\n\n    <span class=\"wpcf7-form-control-wrap\" data-name=\"your-message\"><textarea cols=\"40\" rows=\"10\" maxlength=\"2000\" class=\"wpcf7-form-control wpcf7-textarea wpcf7-validates-as-required support-form__input support-form__input_area\" aria-required=\"true\" aria-invalid=\"false\" placeholder=\"Mesaj\u0131n\u0131z\u0131 a\u015fa\u011f\u0131ya yaz\u0131n\" name=\"your-message\"><\/textarea><\/span>\n\n    <span class=\"wpcf7-form-control-wrap\" data-name=\"terms-agree\"><span class=\"wpcf7-form-control wpcf7-acceptance\"><span class=\"wpcf7-list-item\"><label><input type=\"checkbox\" name=\"terms-agree\" value=\"1\" class=\"support-form__agree\" aria-invalid=\"false\" \/><span class=\"wpcf7-list-item-label\"><span>M\u0259n oxudum v\u0259 raz\u0131yam&nbsp;<a href=\"\/az\/tos\/\">\u015f\u0259rtl\u0259rl\u0259 v\u0259 qaydalarla<\/a>.<\/span><\/span><\/label><\/span><\/span><\/span>\n\n    <button type=\"submit\" class=\"wpcf7-form-control wpcf7-submit has-spinner support-form__submit\" >G\u00f6nd\u0259r<\/button>\n    \n    <span class=\"support-form__spinner\"><\/span>\n\n<\/div>\n<\/div><div class=\"wpcf7-response-output\" aria-hidden=\"true\"><\/div>\n<\/form>\n<\/div>\n\n","protected":false},"excerpt":{"rendered":"<p>\u0130stifad\u0259\u00e7il\u0259rimizin v\u0259 onlar\u0131n m\u0259xfiliyinin qay\u011f\u0131s\u0131na qal\u0131r\u0131q.\u200b \u018fg\u0259r suallar\u0131n\u0131z varsa, \u00f6d\u0259ni\u015f v\u0259 ya qeydiyyatla ba\u011fl\u0131 probleml\u0259rl\u0259 qar\u015f\u0131la\u015f\u0131rs\u0131n\u0131zsa v\u0259 ya h\u00fcquqlar\u0131n\u0131z\u0131n pozuldu\u011funu d\u00fc\u015f\u00fcn\u00fcrs\u00fcn\u00fczs\u0259, z\u0259hm\u0259t olmasa biziml\u0259 support@numbuster.com elektron po\u00e7t \u00fcnvan\u0131 vasit\u0259sil\u0259 \u0259laq\u0259 saxlay\u0131n.\u200b V\u0259 ya a\u015fa\u011f\u0131dak\u0131 forman\u0131 doldurun. Sizinl\u0259 tez bir zamanda \u0259laq\u0259 saxlayacaq v\u0259 v\u0259ziyy\u0259ti h\u0259ll etm\u0259y\u0259 k\u00f6m\u0259k ed\u0259c\u0259yik.\u200b<\/p>\n","protected":false},"author":1,"featured_media":0,"parent":0,"menu_order":0,"comment_status":"closed","ping_status":"closed","template":"","meta":{"_acf_changed":false,"footnotes":""},"class_list":["post-1384","page","type-page","status-publish","hentry"],"acf":[],"yoast_head":"<!-- This site is optimized with the Yoast SEO plugin v23.4 - https:\/\/yoast.com\/wordpress\/plugins\/seo\/ -->\n<title>\u018flaq\u0259 - NumBuster<\/title>\n<meta name=\"description\" content=\"\u00d6d\u0259ni\u015fl\u0259r, qeydiyyat v\u0259 ya h\u00fcquq pozuntular\u0131 il\u0259 ba\u011fl\u0131 suallar \u00fc\u00e7\u00fcn NumBuster d\u0259st\u0259k xidm\u0259ti il\u0259 \u0259laq\u0259 saxlay\u0131n. D\u0259st\u0259yi e-po\u00e7t v\u0259 ya \u0259laq\u0259 formas\u0131 vasit\u0259sil\u0259 \u0259ld\u0259 edin.\" \/>\n<meta name=\"robots\" content=\"index, follow, max-snippet:-1, max-image-preview:large, max-video-preview:-1\" \/>\n<link rel=\"canonical\" href=\"https:\/\/numbustapp.com\/az\/contacts\/\" \/>\n<meta property=\"og:locale\" content=\"az_AZ\" \/>\n<meta property=\"og:type\" content=\"article\" \/>\n<meta property=\"og:title\" content=\"\u018flaq\u0259 - NumBuster\" \/>\n<meta property=\"og:description\" content=\"\u00d6d\u0259ni\u015fl\u0259r, qeydiyyat v\u0259 ya h\u00fcquq pozuntular\u0131 il\u0259 ba\u011fl\u0131 suallar \u00fc\u00e7\u00fcn NumBuster d\u0259st\u0259k xidm\u0259ti il\u0259 \u0259laq\u0259 saxlay\u0131n. D\u0259st\u0259yi e-po\u00e7t v\u0259 ya \u0259laq\u0259 formas\u0131 vasit\u0259sil\u0259 \u0259ld\u0259 edin.\" \/>\n<meta property=\"og:url\" content=\"https:\/\/numbustapp.com\/az\/contacts\/\" \/>\n<meta property=\"og:site_name\" content=\"NumBuster\" \/>\n<meta property=\"article:modified_time\" content=\"2025-07-12T07:28:17+00:00\" \/>\n<meta name=\"twitter:card\" content=\"summary_large_image\" \/>\n<meta name=\"twitter:label1\" content=\"Est. reading time\" \/>\n\t<meta name=\"twitter:data1\" content=\"1 minute\" \/>\n<script type=\"application\/ld+json\" class=\"yoast-schema-graph\">{\"@context\":\"https:\/\/schema.org\",\"@graph\":[{\"@type\":\"WebPage\",\"@id\":\"https:\/\/numbustapp.com\/az\/contacts\/\",\"url\":\"https:\/\/numbustapp.com\/az\/contacts\/\",\"name\":\"\u018flaq\u0259 - NumBuster\",\"isPartOf\":{\"@id\":\"https:\/\/numbuster.com\/en\/#website\"},\"datePublished\":\"2025-03-09T20:03:27+00:00\",\"dateModified\":\"2025-07-12T07:28:17+00:00\",\"description\":\"\u00d6d\u0259ni\u015fl\u0259r, qeydiyyat v\u0259 ya h\u00fcquq pozuntular\u0131 il\u0259 ba\u011fl\u0131 suallar \u00fc\u00e7\u00fcn NumBuster d\u0259st\u0259k xidm\u0259ti il\u0259 \u0259laq\u0259 saxlay\u0131n. D\u0259st\u0259yi e-po\u00e7t v\u0259 ya \u0259laq\u0259 formas\u0131 vasit\u0259sil\u0259 \u0259ld\u0259 edin.\",\"breadcrumb\":{\"@id\":\"https:\/\/numbustapp.com\/az\/contacts\/#breadcrumb\"},\"inLanguage\":\"az\",\"potentialAction\":[{\"@type\":\"ReadAction\",\"target\":[\"https:\/\/numbustapp.com\/az\/contacts\/\"]}]},{\"@type\":\"BreadcrumbList\",\"@id\":\"https:\/\/numbustapp.com\/az\/contacts\/#breadcrumb\",\"itemListElement\":[{\"@type\":\"ListItem\",\"position\":1,\"name\":\"Home\",\"item\":\"https:\/\/numbuster.pro\/az\/\"},{\"@type\":\"ListItem\",\"position\":2,\"name\":\"\u018flaq\u0259\"}]},{\"@type\":\"WebSite\",\"@id\":\"https:\/\/numbuster.com\/en\/#website\",\"url\":\"https:\/\/numbuster.com\/en\/\",\"name\":\"NumBuster\",\"description\":\"\",\"potentialAction\":[{\"@type\":\"SearchAction\",\"target\":{\"@type\":\"EntryPoint\",\"urlTemplate\":\"https:\/\/numbuster.com\/en\/?s={search_term_string}\"},\"query-input\":{\"@type\":\"PropertyValueSpecification\",\"valueRequired\":true,\"valueName\":\"search_term_string\"}}],\"inLanguage\":\"az\"}]}<\/script>\n<!-- \/ Yoast SEO plugin. -->","yoast_head_json":{"title":"\u018flaq\u0259 - NumBuster","description":"\u00d6d\u0259ni\u015fl\u0259r, qeydiyyat v\u0259 ya h\u00fcquq pozuntular\u0131 il\u0259 ba\u011fl\u0131 suallar \u00fc\u00e7\u00fcn NumBuster d\u0259st\u0259k xidm\u0259ti il\u0259 \u0259laq\u0259 saxlay\u0131n. D\u0259st\u0259yi e-po\u00e7t v\u0259 ya \u0259laq\u0259 formas\u0131 vasit\u0259sil\u0259 \u0259ld\u0259 edin.","robots":{"index":"index","follow":"follow","max-snippet":"max-snippet:-1","max-image-preview":"max-image-preview:large","max-video-preview":"max-video-preview:-1"},"canonical":"https:\/\/numbustapp.com\/az\/contacts\/","og_locale":"az_AZ","og_type":"article","og_title":"\u018flaq\u0259 - NumBuster","og_description":"\u00d6d\u0259ni\u015fl\u0259r, qeydiyyat v\u0259 ya h\u00fcquq pozuntular\u0131 il\u0259 ba\u011fl\u0131 suallar \u00fc\u00e7\u00fcn NumBuster d\u0259st\u0259k xidm\u0259ti il\u0259 \u0259laq\u0259 saxlay\u0131n. D\u0259st\u0259yi e-po\u00e7t v\u0259 ya \u0259laq\u0259 formas\u0131 vasit\u0259sil\u0259 \u0259ld\u0259 edin.","og_url":"https:\/\/numbustapp.com\/az\/contacts\/","og_site_name":"NumBuster","article_modified_time":"2025-07-12T07:28:17+00:00","twitter_card":"summary_large_image","twitter_misc":{"Est. reading time":"1 minute"},"schema":{"@context":"https:\/\/schema.org","@graph":[{"@type":"WebPage","@id":"https:\/\/numbustapp.com\/az\/contacts\/","url":"https:\/\/numbustapp.com\/az\/contacts\/","name":"\u018flaq\u0259 - NumBuster","isPartOf":{"@id":"https:\/\/numbuster.com\/en\/#website"},"datePublished":"2025-03-09T20:03:27+00:00","dateModified":"2025-07-12T07:28:17+00:00","description":"\u00d6d\u0259ni\u015fl\u0259r, qeydiyyat v\u0259 ya h\u00fcquq pozuntular\u0131 il\u0259 ba\u011fl\u0131 suallar \u00fc\u00e7\u00fcn NumBuster d\u0259st\u0259k xidm\u0259ti il\u0259 \u0259laq\u0259 saxlay\u0131n. D\u0259st\u0259yi e-po\u00e7t v\u0259 ya \u0259laq\u0259 formas\u0131 vasit\u0259sil\u0259 \u0259ld\u0259 edin.","breadcrumb":{"@id":"https:\/\/numbustapp.com\/az\/contacts\/#breadcrumb"},"inLanguage":"az","potentialAction":[{"@type":"ReadAction","target":["https:\/\/numbustapp.com\/az\/contacts\/"]}]},{"@type":"BreadcrumbList","@id":"https:\/\/numbustapp.com\/az\/contacts\/#breadcrumb","itemListElement":[{"@type":"ListItem","position":1,"name":"Home","item":"https:\/\/numbuster.pro\/az\/"},{"@type":"ListItem","position":2,"name":"\u018flaq\u0259"}]},{"@type":"WebSite","@id":"https:\/\/numbuster.com\/en\/#website","url":"https:\/\/numbuster.com\/en\/","name":"NumBuster","description":"","potentialAction":[{"@type":"SearchAction","target":{"@type":"EntryPoint","urlTemplate":"https:\/\/numbuster.com\/en\/?s={search_term_string}"},"query-input":{"@type":"PropertyValueSpecification","valueRequired":true,"valueName":"search_term_string"}}],"inLanguage":"az"}]}},"_links":{"self":[{"href":"https:\/\/numbustapp.com\/az\/wp-json\/wp\/v2\/pages\/1384","targetHints":{"allow":["GET"]}}],"collection":[{"href":"https:\/\/numbustapp.com\/az\/wp-json\/wp\/v2\/pages"}],"about":[{"href":"https:\/\/numbustapp.com\/az\/wp-json\/wp\/v2\/types\/page"}],"author":[{"embeddable":true,"href":"https:\/\/numbustapp.com\/az\/wp-json\/wp\/v2\/users\/1"}],"replies":[{"embeddable":true,"href":"https:\/\/numbustapp.com\/az\/wp-json\/wp\/v2\/comments?post=1384"}],"version-history":[{"count":5,"href":"https:\/\/numbustapp.com\/az\/wp-json\/wp\/v2\/pages\/1384\/revisions"}],"predecessor-version":[{"id":2114,"href":"https:\/\/numbustapp.com\/az\/wp-json\/wp\/v2\/pages\/1384\/revisions\/2114"}],"wp:attachment":[{"href":"https:\/\/numbustapp.com\/az\/wp-json\/wp\/v2\/media?parent=1384"}],"curies":[{"name":"wp","href":"https:\/\/api.w.org\/{rel}","templated":true}]}}