{"id":1345,"date":"2025-03-09T19:49:22","date_gmt":"2025-03-09T19:49:22","guid":{"rendered":"https:\/\/wpit.whoots.org\/about\/"},"modified":"2025-07-28T13:33:50","modified_gmt":"2025-07-28T13:33:50","slug":"about","status":"publish","type":"page","link":"https:\/\/numbustapp.com\/az\/about\/","title":{"rendered":"Haqq\u0131nda"},"content":{"rendered":"\n<p>\u015eirk\u0259timiz 2014-c\u00fc ild\u0259n b\u0259ri mobil \u00fcnsiyy\u0259td\u0259 t\u0259hl\u00fck\u0259sizlik v\u0259 rahatl\u0131\u011f\u0131 t\u0259min etm\u0259y\u0259 sadiqdir. <strong>NumBuster<\/strong> adl\u0131 pulsuz mobil t\u0259tbiq istifad\u0259\u00e7il\u0259ri telefon f\u0131r\u0131ldaq\u00e7\u0131l\u0131\u011f\u0131 v\u0259 spamdan davaml\u0131 v\u0259 etibarl\u0131 \u015f\u0259kild\u0259 qorumaq \u00fc\u00e7\u00fcn n\u0259z\u0259rd\u0259 tutulub.<\/p>\n\n\n\n<p><strong>NumBuster<\/strong> t\u0259tbiqinin \u0259sas m\u0259qs\u0259di istifad\u0259\u00e7il\u0259ri arzuolunmaz v\u0259 potensial t\u0259hl\u00fck\u0259li kontaktlardan qorumaqd\u0131r. T\u0259tbiq tan\u0131nmayan n\u00f6mr\u0259l\u0259ri avtomatik olaraq m\u00fc\u0259yy\u0259n edir v\u0259 n\u00f6mr\u0259 kontaktlar\u0131n\u0131zda qeyd olunmasa bel\u0259, z\u0259ng ed\u0259n \u015f\u0259xs haqq\u0131nda m\u0259lumat g\u00f6st\u0259rir. \u018fg\u0259r n\u00f6mr\u0259 spam v\u0259 ya f\u0131r\u0131ldaq\u00e7\u0131 kimi i\u015far\u0259l\u0259nibs\u0259, siz\u0259 x\u0259b\u0259rdarl\u0131q edilir.<\/p>\n\n\n\n<p>\u015e\u0259xsi m\u0259xfiliyin vacibliyini n\u0259z\u0259r\u0259 alaraq, <strong>NumBuster<\/strong> z\u0259ngl\u0259ri v\u0259 mesajlar\u0131 bloklama imkan\u0131 t\u0259qdim edir ki, bu da siz\u0259 rahatl\u0131q v\u0259 t\u0259hl\u00fck\u0259sizlik hissi verir. \u0130stifad\u0259\u00e7il\u0259r \u0259lav\u0259 olaraq n\u00f6mr\u0259l\u0259r\u0259 r\u0259y yaz\u0131b reytinq ver\u0259 bil\u0259rl\u0259r ki, ba\u015fqalar\u0131na m\u00fcmk\u00fcn t\u0259hl\u00fck\u0259l\u0259rd\u0259n yay\u0131nma\u011fa k\u00f6m\u0259k etsinl\u0259r.<\/p>\n\n\n\n<p>Komandam\u0131z istifad\u0259\u00e7i r\u0259yl\u0259ri v\u0259 ehtiyaclar\u0131 \u0259sas\u0131nda t\u0259tbiqi daim t\u0259kmill\u0259\u015fdirir ki, maksimum qorunma v\u0259 rahatl\u0131q t\u0259min edilsin. D\u00fcnyan\u0131n d\u00f6rd bir yan\u0131nda milyonlarla insan <strong>NumBuster<\/strong> t\u0259tbiqind\u0259n istifad\u0259 edir.<\/p>\n","protected":false},"excerpt":{"rendered":"<p>\u015eirk\u0259timiz 2014-c\u00fc ild\u0259n b\u0259ri mobil \u00fcnsiyy\u0259td\u0259 t\u0259hl\u00fck\u0259sizlik v\u0259 rahatl\u0131\u011f\u0131 t\u0259min etm\u0259y\u0259 sadiqdir. NumBuster adl\u0131 pulsuz mobil t\u0259tbiq istifad\u0259\u00e7il\u0259ri telefon f\u0131r\u0131ldaq\u00e7\u0131l\u0131\u011f\u0131 v\u0259 spamdan davaml\u0131 v\u0259 etibarl\u0131 \u015f\u0259kild\u0259 qorumaq \u00fc\u00e7\u00fcn n\u0259z\u0259rd\u0259 tutulub. NumBuster t\u0259tbiqinin \u0259sas m\u0259qs\u0259di istifad\u0259\u00e7il\u0259ri arzuolunmaz v\u0259 potensial t\u0259hl\u00fck\u0259li kontaktlardan qorumaqd\u0131r. T\u0259tbiq tan\u0131nmayan n\u00f6mr\u0259l\u0259ri avtomatik olaraq m\u00fc\u0259yy\u0259n edir v\u0259 n\u00f6mr\u0259 kontaktlar\u0131n\u0131zda qeyd olunmasa bel\u0259, z\u0259ng [&hellip;]<\/p>\n","protected":false},"author":1,"featured_media":0,"parent":0,"menu_order":0,"comment_status":"closed","ping_status":"closed","template":"","meta":{"_acf_changed":false,"footnotes":""},"class_list":["post-1345","page","type-page","status-publish","hentry"],"acf":[],"yoast_head":"<!-- This site is optimized with the Yoast SEO plugin v23.4 - https:\/\/yoast.com\/wordpress\/plugins\/seo\/ -->\n<title>Haqq\u0131nda - NumBuster<\/title>\n<meta name=\"description\" content=\"NumBuster sizi spam v\u0259 d\u0259l\u0259duz z\u0259ngl\u0259rd\u0259n qoruyur. Nam\u0259lum n\u00f6mr\u0259l\u0259ri tan\u0131y\u0131n, blok edin v\u0259 r\u0259yl\u0259r\u0259 bax\u0131n\" \/>\n<meta name=\"robots\" content=\"index, follow, max-snippet:-1, max-image-preview:large, max-video-preview:-1\" \/>\n<link rel=\"canonical\" href=\"https:\/\/numbustapp.com\/az\/about\/\" \/>\n<meta property=\"og:locale\" content=\"az_AZ\" \/>\n<meta property=\"og:type\" content=\"article\" \/>\n<meta property=\"og:title\" content=\"Haqq\u0131nda - NumBuster\" \/>\n<meta property=\"og:description\" content=\"NumBuster sizi spam v\u0259 d\u0259l\u0259duz z\u0259ngl\u0259rd\u0259n qoruyur. Nam\u0259lum n\u00f6mr\u0259l\u0259ri tan\u0131y\u0131n, blok edin v\u0259 r\u0259yl\u0259r\u0259 bax\u0131n\" \/>\n<meta property=\"og:url\" content=\"https:\/\/numbustapp.com\/az\/about\/\" \/>\n<meta property=\"og:site_name\" content=\"NumBuster\" \/>\n<meta property=\"article:modified_time\" content=\"2025-07-28T13:33:50+00:00\" \/>\n<meta name=\"twitter:card\" content=\"summary_large_image\" \/>\n<meta name=\"twitter:label1\" content=\"Est. reading time\" \/>\n\t<meta name=\"twitter:data1\" content=\"1 minute\" \/>\n<script type=\"application\/ld+json\" class=\"yoast-schema-graph\">{\"@context\":\"https:\/\/schema.org\",\"@graph\":[{\"@type\":\"WebPage\",\"@id\":\"https:\/\/numbustapp.com\/az\/about\/\",\"url\":\"https:\/\/numbustapp.com\/az\/about\/\",\"name\":\"Haqq\u0131nda - NumBuster\",\"isPartOf\":{\"@id\":\"https:\/\/numbuster.com\/en\/#website\"},\"datePublished\":\"2025-03-09T19:49:22+00:00\",\"dateModified\":\"2025-07-28T13:33:50+00:00\",\"description\":\"NumBuster sizi spam v\u0259 d\u0259l\u0259duz z\u0259ngl\u0259rd\u0259n qoruyur. Nam\u0259lum n\u00f6mr\u0259l\u0259ri tan\u0131y\u0131n, blok edin v\u0259 r\u0259yl\u0259r\u0259 bax\u0131n\",\"breadcrumb\":{\"@id\":\"https:\/\/numbustapp.com\/az\/about\/#breadcrumb\"},\"inLanguage\":\"az\",\"potentialAction\":[{\"@type\":\"ReadAction\",\"target\":[\"https:\/\/numbustapp.com\/az\/about\/\"]}]},{\"@type\":\"BreadcrumbList\",\"@id\":\"https:\/\/numbustapp.com\/az\/about\/#breadcrumb\",\"itemListElement\":[{\"@type\":\"ListItem\",\"position\":1,\"name\":\"Home\",\"item\":\"https:\/\/numbuster.pro\/az\/\"},{\"@type\":\"ListItem\",\"position\":2,\"name\":\"Haqq\u0131nda\"}]},{\"@type\":\"WebSite\",\"@id\":\"https:\/\/numbuster.com\/en\/#website\",\"url\":\"https:\/\/numbuster.com\/en\/\",\"name\":\"NumBuster\",\"description\":\"\",\"potentialAction\":[{\"@type\":\"SearchAction\",\"target\":{\"@type\":\"EntryPoint\",\"urlTemplate\":\"https:\/\/numbuster.com\/en\/?s={search_term_string}\"},\"query-input\":{\"@type\":\"PropertyValueSpecification\",\"valueRequired\":true,\"valueName\":\"search_term_string\"}}],\"inLanguage\":\"az\"}]}<\/script>\n<!-- \/ Yoast SEO plugin. -->","yoast_head_json":{"title":"Haqq\u0131nda - NumBuster","description":"NumBuster sizi spam v\u0259 d\u0259l\u0259duz z\u0259ngl\u0259rd\u0259n qoruyur. Nam\u0259lum n\u00f6mr\u0259l\u0259ri tan\u0131y\u0131n, blok edin v\u0259 r\u0259yl\u0259r\u0259 bax\u0131n","robots":{"index":"index","follow":"follow","max-snippet":"max-snippet:-1","max-image-preview":"max-image-preview:large","max-video-preview":"max-video-preview:-1"},"canonical":"https:\/\/numbustapp.com\/az\/about\/","og_locale":"az_AZ","og_type":"article","og_title":"Haqq\u0131nda - NumBuster","og_description":"NumBuster sizi spam v\u0259 d\u0259l\u0259duz z\u0259ngl\u0259rd\u0259n qoruyur. Nam\u0259lum n\u00f6mr\u0259l\u0259ri tan\u0131y\u0131n, blok edin v\u0259 r\u0259yl\u0259r\u0259 bax\u0131n","og_url":"https:\/\/numbustapp.com\/az\/about\/","og_site_name":"NumBuster","article_modified_time":"2025-07-28T13:33:50+00:00","twitter_card":"summary_large_image","twitter_misc":{"Est. reading time":"1 minute"},"schema":{"@context":"https:\/\/schema.org","@graph":[{"@type":"WebPage","@id":"https:\/\/numbustapp.com\/az\/about\/","url":"https:\/\/numbustapp.com\/az\/about\/","name":"Haqq\u0131nda - NumBuster","isPartOf":{"@id":"https:\/\/numbuster.com\/en\/#website"},"datePublished":"2025-03-09T19:49:22+00:00","dateModified":"2025-07-28T13:33:50+00:00","description":"NumBuster sizi spam v\u0259 d\u0259l\u0259duz z\u0259ngl\u0259rd\u0259n qoruyur. Nam\u0259lum n\u00f6mr\u0259l\u0259ri tan\u0131y\u0131n, blok edin v\u0259 r\u0259yl\u0259r\u0259 bax\u0131n","breadcrumb":{"@id":"https:\/\/numbustapp.com\/az\/about\/#breadcrumb"},"inLanguage":"az","potentialAction":[{"@type":"ReadAction","target":["https:\/\/numbustapp.com\/az\/about\/"]}]},{"@type":"BreadcrumbList","@id":"https:\/\/numbustapp.com\/az\/about\/#breadcrumb","itemListElement":[{"@type":"ListItem","position":1,"name":"Home","item":"https:\/\/numbuster.pro\/az\/"},{"@type":"ListItem","position":2,"name":"Haqq\u0131nda"}]},{"@type":"WebSite","@id":"https:\/\/numbuster.com\/en\/#website","url":"https:\/\/numbuster.com\/en\/","name":"NumBuster","description":"","potentialAction":[{"@type":"SearchAction","target":{"@type":"EntryPoint","urlTemplate":"https:\/\/numbuster.com\/en\/?s={search_term_string}"},"query-input":{"@type":"PropertyValueSpecification","valueRequired":true,"valueName":"search_term_string"}}],"inLanguage":"az"}]}},"_links":{"self":[{"href":"https:\/\/numbustapp.com\/az\/wp-json\/wp\/v2\/pages\/1345","targetHints":{"allow":["GET"]}}],"collection":[{"href":"https:\/\/numbustapp.com\/az\/wp-json\/wp\/v2\/pages"}],"about":[{"href":"https:\/\/numbustapp.com\/az\/wp-json\/wp\/v2\/types\/page"}],"author":[{"embeddable":true,"href":"https:\/\/numbustapp.com\/az\/wp-json\/wp\/v2\/users\/1"}],"replies":[{"embeddable":true,"href":"https:\/\/numbustapp.com\/az\/wp-json\/wp\/v2\/comments?post=1345"}],"version-history":[{"count":3,"href":"https:\/\/numbustapp.com\/az\/wp-json\/wp\/v2\/pages\/1345\/revisions"}],"predecessor-version":[{"id":2084,"href":"https:\/\/numbustapp.com\/az\/wp-json\/wp\/v2\/pages\/1345\/revisions\/2084"}],"wp:attachment":[{"href":"https:\/\/numbustapp.com\/az\/wp-json\/wp\/v2\/media?parent=1345"}],"curies":[{"name":"wp","href":"https:\/\/api.w.org\/{rel}","templated":true}]}}